{"id":73,"date":"2015-06-24T20:25:29","date_gmt":"2015-06-24T20:25:29","guid":{"rendered":"http:\/\/iuliu.sancraian.ro\/?page_id=73"},"modified":"2018-04-25T19:41:27","modified_gmt":"2018-04-25T19:41:27","slug":"catarge-printre-stele","status":"publish","type":"page","link":"https:\/\/iuliu.sancraian.ro\/index.php\/catarge-printre-stele\/","title":{"rendered":"Catarge printre stele"},"content":{"rendered":"<p><strong>Fragmente din carte<\/strong><br \/>\n<strong>Precesia<\/strong><br \/>\n\u00cen Vechiul Testament se reg\u0103sesc numeroase referin\u0163e la erele astrologice. Observ\u00e2nd cu aten\u0163ie cerul, anticii au observat c\u0103 aproximativ 2150 de ani, diminea\u0163a, la \u00eenceputul echinoc\u0163iului de prim\u0103var\u0103, <strong>Soarele<\/strong> se afl\u0103 \u00eentr-un anumit semn zodiacal. P\u00e2n\u0103 \u00een anul 2150 \u00ee.Ch. (\u00een preajma fugii din Egipt a evreilor), <strong>Soarele<\/strong> la echinoc\u0163iu a fost \u00een constela\u0163ia <strong>Taurul<\/strong>, apoi p\u00e2n\u0103 la na\u015fterea Domnului nostru Iisus Christos a fost \u00een constela\u0163ia <strong>Berbecul<\/strong>, iar \u00een acel an a trecut \u00een constela\u0163ia <strong>Pe\u015fti<\/strong>, urm\u00e2nd ca, \u00eencep\u00e2nd cu anul 2150 d.Chr, s\u0103 treac\u0103 \u00een constela\u0163ia <strong>V\u0103rs\u0103torul<\/strong>. \u00cen aproximativ 26000 ani <strong>Soarele<\/strong> va r\u0103s\u0103ri la echinoc\u0163iu pe r\u00e2nd \u00een cele 12 constela\u0163ii. \u015etia\u0163i asta?<br \/>\n<img loading=\"lazy\" decoding=\"async\" class=\" size-full wp-image-85 alignleft\" src=\"https:\/\/iuliu.sancraian.ro\/wp-content\/uploads\/2015\/06\/cps1.jpg\" alt=\"cps1\" width=\"282\" height=\"291\" \/>\u2013Da, domnule profesor, \u015ftim c\u0103 acest fapt se datoreaz\u0103 precesiei, spune Anca Ghidirim.<br \/>\n\u2013P\u0103m\u00e2ntul este ca un titirez cu care ne pl\u0103cea s\u0103 ne juc\u0103m c\u00e2nd eram mici; acum, copii mari, \u00eei spunem giroscop. Polii cere\u015fti efectueaz\u0103 o mi\u015fcare aparent\u0103 lent\u0103 printre stele, \u00een raport cu sistemul solar, \u00een jurul axei eclipticii \u00een sens retrograd cu 50,27\u201d pe an, intervine Cosmin Damache.<br \/>\n\u2013Precesia se datoreaz\u0103 atrac\u0163iei executate de Soare, asupra excesului de mas\u0103 ecuatorial\u0103 a P\u0103m\u00e2ntului, a c\u0103rui ax\u0103 formeaz\u0103 cu planul eclipticii un unghi de 23o 27\u2019, precizez eu \u015fi are o durat\u0103 aproximativ de 26000 ani, fiind eviden\u0163iat\u0103 \u00eenc\u0103 din anul 128 \u00ee.Ch. de c\u0103tre astronomul Hipparchos (Fig. 2.1.).<br \/>\n\u2013\u00cen acela\u015fi timp cu for\u0163a de atrac\u0163ie a Soarelui, asupra excesului de mas\u0103 de la ecuator a P\u0103m\u00e2ntului, ac\u0163ioneaz\u0103 \u015fi for\u0163a de atrac\u0163ie a<br \/>\nLunii, care face ca axa P\u0103m\u00e2ntului s\u0103 se mi\u015fte pe o elips\u0103 centrat\u0103 pe cercul de precesie. Aceast\u0103 mi\u015fcare se nume\u015fte nuta\u0163ie \u015fi are o perioad\u0103 de 18,6 ani, precizeaz\u0103 Daniel B\u00e2rdan. For\u021ba de atrac\u021bie exercitat\u0103 de Lun\u0103, satelitul P\u0103m\u00e2ntului, este puternic\u0103, deoarece aceasta este un corp ceresc cu o mas\u0103 \u00eensem-nat\u0103, are o raz\u0103 de patru ori mai mic\u0103 dec\u00e2t cea a P\u0103m\u00e2ntului \u0219i se afl\u0103 la o distan\u021b\u0103 de aproape 6 ori diametrul acestuia.<br \/>\n\u2013Deci, axa de rota\u0163ie are o mi\u015fcare mult mai complex\u0103. Influen\u0163a combinat\u0103 a precesiei \u015fi nuta\u0163iei au ca efect deplasarea polului ceresc adev\u0103rat dup\u0103 o sinusoid\u0103 superpozat\u0103 pe cercul mic centrat pe polul eclipticii.<br \/>\n\u2013Da Adrian (David), ceea ce ai spus este corect.<br \/>\n\u2013Eu cred c\u0103 nu trebuie s\u0103 uit\u0103m, c\u0103 \u00een sistemul solar mai sunt \u015fi planete, care conform legii atrac\u0163iei universale ac\u0163ioneaz\u0103 \u015fi ele asupra P\u0103m\u00e2ntului \u015fi influen\u0163eaz\u0103 precesia polilor acestuia, completeaz\u0103 Florin Cr\u0103i\u021boiu. Fiind de dimensiuni relativ mici \u015fi la distan\u0163e mari, influen\u0163a acestora este mai mic\u0103.<br \/>\n\u2013Dar s\u0103 ne \u00eentoarcem din nou la constela\u0163iile Zodiacului \u015fi la erele astrologice. \u00cen Vechiul Testament, c\u00e2nd Moise coboar\u0103 de pe Muntele Sinai cu cele 10 Porunci, se m\u00e2nie foarte tare v\u0103z\u00e2ndu-\u015fi poporul c\u0103 venereaz\u0103 un vi\u0163el de aur. \u00cen realitate, vi\u0163elul de aur era Taurul, poate boul Apis al egiptenilor din robia c\u0103rora ei au fugit. Moise era reprezentantul noii ere a Berbecului \u00een care intra atunci Soarele.<br \/>\n\u2013De asemenea, trebuie spus c\u0103 era \u00een care a intrat Soarele odat\u0103 cu na\u015fterea cre\u015ftinismului, este sub semnul constela\u0163iei Pe\u015fti, spune moale, a\u0219a cum \u00eei era obiceiul, Barbu Marin.<br \/>\n\u2013Da, primii apostoli sunt pescari \u015fi primul semn simbolic al cre\u015ftinilor este pe\u015ftele, spune Segiu Rujan, am re\u021binut aceasta din documentarul Zeitgeist.<br \/>\n\u2013Da, acest fapt este subliniat \u015fi de Henryk Sienkiewicz \u00een romanul Quo Vadis care, \u00een 1905, i-a adus premiul Nobel pentru literatur\u0103, intr\u0103 \u00een discu\u021bie Prioteasa Marius, zis Cancelarul, pentru c\u0103 el ajut\u0103 comandantul companiei la \u00eentocmirea unor documente.<br \/>\n\u2013\u00cen continuare, v\u0103 voi ar\u0103ta cum se verific\u0103 \u015fi cum se regleaz\u0103 sextantul cu care vom m\u0103sura ini\u0163ial \u00een\u0103l\u0163imi la Soare,<br \/>\nla culmina\u0163ie, pentru a determina latitudinea la care ne afl\u0103m, iar mai t\u00e2rziu \u00een\u0103l\u0163imi la ore diferite pentru a determina<br \/>\nlatitudinea \u015fi longitudinea, cu observa\u0163ii succsive la astrul zilei.<br \/>\n*************************************************************************************************<br \/>\n<strong>Sistemul de coordonate ecuatoriale<\/strong><br \/>\nSistemul de coordonate ecuatoriale semi-locale sunt inde-pendente de pozi\u0163ia observatorului (Fig. 2.10.).<br \/>\nSistemul de coordonate ecuatoriale are urmatoarele elemen-te caracteristice:<br \/>\n-axa fundamental\u0103 este axa lumii (PN &#8211; PS)<br \/>\n-planul fundamental este planul ecuatorului terestru<br \/>\n-polii sistemului sunt Polul nord (PN) \u015fi Polul sud (PS)<br \/>\n<img loading=\"lazy\" decoding=\"async\" class=\"alignleft size-full wp-image-86\" src=\"https:\/\/iuliu.sancraian.ro\/wp-content\/uploads\/2015\/06\/cps2.jpg\" alt=\"cps2\" width=\"312\" height=\"307\" srcset=\"https:\/\/iuliu.sancraian.ro\/wp-content\/uploads\/2015\/06\/cps2.jpg 312w, https:\/\/iuliu.sancraian.ro\/wp-content\/uploads\/2015\/06\/cps2-300x295.jpg 300w, https:\/\/iuliu.sancraian.ro\/wp-content\/uploads\/2015\/06\/cps2-305x300.jpg 305w\" sizes=\"auto, (max-width: 312px) 100vw, 312px\" \/>-cerc polar &#8211; cercul orar al astrului este semicercul mare PNAPS care trece prin polii cere\u015fti \u015fi prin astru, este ^ pe cercul de referin\u0163\u0103 (pe ecuator)<br \/>\n-cerc paralel &#8211; paralelul de declina\u0163ie al astrului, este cercul mic paralel cu ecuatorul ceresc care trece prin astru \u015fi este ^ pe axa<br \/>\nsistemului (axa lumii)<br \/>\nAstrul se afl\u0103 la intersec\u0163ia unui cerc orar (polar) cu un paralel de declina\u0163ie.<br \/>\nPentru determinarea pozi\u0163iei unui astru pe sfera cereasc\u0103 \u00een sistemul de coordonate ecuatoriale, sunt necesare dou\u0103 coordonate:<br \/>\n-una care s\u0103 determine pozi\u0163ia cercului orar al astrului<br \/>\n-una care s\u0103 determine pozi\u0163ia paralelului de declina\u0163ie al astrului<br \/>\nCoordonatele ecuatoriale locale care determin\u0103 pozi\u0163ia cercului orar al astrului sunt:<br \/>\n-unghiul orar (t)<br \/>\n-unghiul la pol (P)<\/p>\n<p>*******************************************************************************************************<br \/>\n<strong>Triunghiul sferic de pozi\u021bie<\/strong><br \/>\n<img loading=\"lazy\" decoding=\"async\" class=\"alignleft size-full wp-image-87\" src=\"https:\/\/iuliu.sancraian.ro\/wp-content\/uploads\/2015\/06\/cps3.jpg\" alt=\"cps3\" width=\"350\" height=\"406\" srcset=\"https:\/\/iuliu.sancraian.ro\/wp-content\/uploads\/2015\/06\/cps3.jpg 350w, https:\/\/iuliu.sancraian.ro\/wp-content\/uploads\/2015\/06\/cps3-259x300.jpg 259w\" sizes=\"auto, (max-width: 350px) 100vw, 350px\" \/>Triunghiul sferic de pozi\u021bie este triunghiul format pe sfera cereasc\u0103, cu ajutorul elementelor sistemelor de coordonate sferice \u0219i a elementelor date de pozi\u021bia observatorului pe sfera cereasc\u0103.<br \/>\n\u00cen triunghiul sferic (Fig. 2.14.) PN-Zen-S avem:<br \/>\n-v\u00e2rfurile (PN, Zen, S)<br \/>\n-laturile (l, z, p)<br \/>\n-P-unghiul la pol<br \/>\n-Z-unghiul la zenit<br \/>\n-l-colatitudinea, l=90o-\u03c6<br \/>\n-p-distan\u021ba polar\u0103, p=90o-d<br \/>\n-z-distan\u021ba zenital\u0103, l=90o-h<br \/>\nP\u00e2n\u0103 acum am prezentat coordonatele sferice orizontale \u0219i coordonatele sferice ecuatoriale.<br \/>\nTrebuie s\u0103 re\u021binem faptul c\u0103 suma unghiurilor unui triunghi sferic nu este fix\u0103, 180o ca \u00een geometria \u00een plan, euclidian\u0103, ci este cuprins\u0103 \u00eentre 180o \u0219i 540o.<\/p>\n<p>*************************************************************************************<br \/>\nDis-de-diminea\u021b\u0103, \u00een ziua de 9 iulie, ne-am \u00eembarcat \u00een autocare \u0219i, dup\u0103 aproximativ patru ore de mers, am fost debarca\u021bi \u00een partea de sud a Manhattanului, foarte aproape de Battery Gardens, de unde se putea vedea bine Statuia Libert\u0103\u021bii.<br \/>\nInspirat\u0103 alegere a locului de unde am \u00eenceput vizitarea ora\u0219ului, deoarece, pentru orice om, imaginea de pe Liberty Island, de peste ape, a simbolului cel mai drag umanit\u0103\u021bii, este tulbur\u0103toare.<br \/>\nNi s-a comunicat ora \u0219i locul de \u00eent\u00e2lnire, ora 22.00, inter-sec\u021bia Bulevardului 7 cu Strada 51. Grupurile sau format repede. Unii s-au a\u0219ezat la coada imens\u0103 pentru a vizita Statuia Libert\u0103\u021bii, dar majoritatea, descurajat\u0103 de coada uria\u0219\u0103, s-a \u00eendreptat spre ora\u0219.<br \/>\n\u00cempreun\u0103 cu Popa Lucian, Costandache Marian, St\u0103nescu Viorel, care ni s-a al\u0103turat ceva mai t\u00e2rziu \u0219i doi marinari, am \u00eenceput s\u0103 ne t\u00e2r\u00e2m opincile, av\u00e2nd ca \u021bint\u0103 final\u0103, Times Square.<br \/>\nPrimul popas l-am f\u0103cut aproape de Ground Zero, acolo unde, p\u00e2n\u0103 \u00een 11 septembrie 2001, au fost Turnurile Gemene &#8211; World Trade Center. \u00cemprejmuit\u0103 cu un gard metalic \u00eenalt, zona era inaccesibil\u0103 nou\u0103. Sentimentele, grijile \u0219i speran\u021bele ameri-canilor \u00een leg\u0103tur\u0103 cu acel loc erau, cred eu, exprimate \u00een bisericu\u021ba de l\u00e2ng\u0103 gard, \u00een care erau depuse \u00eenscrisuri \u0219i mici simboluri comemorative din partea cet\u0103\u021benilor \u0219i comunit\u0103\u021bilor americane.<\/p>\n<p><strong>Constela\u021biile prim\u0103verii<\/strong><br \/>\nDac\u0103 privim cerul la mijlocul lunilor prim\u0103verii, \u00een martie la orele 24.00, \u00een aprilie la orele 22.00 \u0219i \u00een mai la orele 20.00, aspectul cerului va fi aproape ca \u00een figura 6.2.<br \/>\nCarul Mare troneaz\u0103 aproape de Zenit, \u00eenspre nord-est, aproximativ deasupra capului. Cu ajutorul stelelor lui vom g\u0103si una din cele mai frumoase constela\u021bii ale cerului prim\u0103verii: Leul (Leo).<br \/>\n<strong>Leul (Leo)<\/strong>. Duce\u021bi o linie imaginar\u0103 prin ro\u021bile din spate ale Carului Mare spre sud \u0219i ve\u021bi da de o stea str\u0103lucitoare, foarte alb\u0103, un adev\u0103rat diamant al cerului, Regulus (numit micul rege), sau a Leonis. Regulus marcheaz\u0103 solsti\u021biul de var\u0103. Cu ajutorul schi\u021bei din figura 6.1 ve\u021bi g\u0103si celelalte stele ale constela\u021biei Leul. Steaua b Leonis, numit\u0103 Denebola, este alb\u0103struie (numit\u0103 coada leului). Steaua g Leonis este g\u0103lbuie \u0219i se nume\u0219te Algieba.<br \/>\nAproape de aceast\u0103 stea, \u00een luna noiembrie, porne\u015fte spre P\u0103m\u00e2nt un roi de stele c\u0103z\u0103toare numite Leonide.<br \/>\nLeul este o constela\u021bie zodiacal\u0103 \u0219i str\u0103b\u0103tut\u0103 de Soare \u00een perioada 23 iulie &#8211; 22 august.<br \/>\nAceast\u0103 constela\u0163ie poart\u0103 numele regelui junglei, \u00een cinstea Leului din Nemeea, \u00eenvins\u00a0 de Heracles (Hercule).<br \/>\nSemizeul Heracles, fiul lui Zeus, a fost sf\u0103tuit de Pitia, preoteasa Oracolului din Delphi (Grecia antic\u0103) s\u0103 intre \u00een slujba regelui Eurystheus, din Micene. Regele i-a \u00eencredin\u0163at sarcina de a omor\u00ee un leu uria\u015f, fiar\u0103 \u00eenspaim\u00e2nt\u0103toare, care teroriza locuitorii din Nemeea \u015fi care s\u0103l\u0103\u015fuia \u00eentr-o grot\u0103 din mun\u0163i.<\/p>\n<p><img loading=\"lazy\" decoding=\"async\" class=\"aligncenter size-full wp-image-88\" src=\"https:\/\/iuliu.sancraian.ro\/wp-content\/uploads\/2015\/06\/cps4.jpg\" alt=\"cps4\" width=\"573\" height=\"600\" srcset=\"https:\/\/iuliu.sancraian.ro\/wp-content\/uploads\/2015\/06\/cps4.jpg 573w, https:\/\/iuliu.sancraian.ro\/wp-content\/uploads\/2015\/06\/cps4-287x300.jpg 287w\" sizes=\"auto, (max-width: 573px) 100vw, 573px\" \/><\/p>\n<p>Heracles l-a g\u0103sit \u00een grota sa, l-a lovit mortal cu m\u0103ciuca, l-a sugrumat \u0219i apoi i-a luat pielea ur\u00e2t\u0103 la vedere. S-a \u00eenvelit \u00een aceasta \u0219i s-a \u00eenf\u0103\u021bi\u0219at lui Eurystheus. Ur\u00e2tul ve\u0219m\u00e2nt nu i-a pl\u0103cut regelui, a\u0219a c\u0103 nu i-a permis lui Heracles s\u0103 intre \u00een cetatete. \u00cen afara por\u021bilor cet\u0103\u021bii, Hercule a organizat Jocurile Nemeene. Nemul\u021bumit, Eurystheus i-a mai dat \u015fi alte munci, dou\u0103sprezece \u00een total, pe care Heracles le-a \u00eendeplinit cu succes.<br \/>\nNemuritorii zei au ridicat la cer leul sub forma unei constela\u0163ii \u00eempreun\u0103 cu Heracles \u015fi celelalte trofee: Hidra, Racul, etc.<br \/>\nAstrologii spun c\u0103 Leul este con\u0219tient de propria valoare \u0219i face tot posibilul ca meritele s\u0103-i fie recunoscute de catre cei din jur, pentru c\u0103 \u00eei place s\u0103 ias\u0103 \u00een eviden\u021b\u0103, s\u0103 fie deasupra tuturor.<br \/>\nSe remarc\u0103 prin \u00eencrederea \u00een for\u021bele proprii \u0219i vrea ca cei din jur s\u0103 \u00eel respecte. Excesiv de m\u00e2ndru, nu accept\u0103 prea u\u0219or sfaturile prietenilor.<br \/>\nEste drept \u015fi m\u0103rinimos, ambi\u0163ios \u0219i creativ, ia u\u0219or decizii pe care vrea ca cei din jur s\u0103 le urmeze. Este energic \u0219i nu accept\u0103 nesupunerea subordona\u021bilor. La fel ca Regele Leu, este nobil \u0219i generos.<br \/>\nLeului \u00eei place s\u0103 se afle \u00een centrul aten\u021biei, este preocupat de propria imagine \u0219i \u00ee\u0219i dore\u0219te foarte mult succesul. Este un conduc\u0103tor \u00eenn\u0103scut. \u0218tie s\u0103 se fac\u0103 ascultat, iar autoritatea sa este recunoscut\u0103 \u00een mod natural.<br \/>\nVanitos, poate s\u0103 piard\u0103 simpatia celor din jur. Ar trebui s\u0103 fie mai diplomat. Uneori pare arogant \u0219i excesiv de egoist datorit\u0103 atitudinii aristocratice.<br \/>\nIn familie, vrea ca el s\u0103 fie st\u0103p\u00e2nul, impun\u00e2ndu-\u0219i punctul de vedere cu orice pre\u021b. Are sentimente foarte puternice care-l pot duce la excese. Orgoliile sale conduc uneori la deziluzii.<br \/>\n<strong>Racul, Crabul (Cancer<\/strong>), constela\u021bie zodiacal\u0103, este format\u0103 din stele prea pu\u021bin luminoase.<br \/>\nO ve\u021bi g\u0103si la apus de Leu ca un nori\u0219or alb pe care \u00eel ve\u021bi identifica numai dac\u0103 cerul este foarte senin, f\u0103r\u0103 Lun\u0103.<br \/>\nNori\u0219orul se afl\u0103 \u00een mijlocul a patru stelu\u021be, dintre care numai dou\u0103 sunt de m\u0103rimea patru.<br \/>\nTot de m\u0103rimea patru sunt \u0219i stelele a \u0219i b din Rac care sunt mai spre sud.<br \/>\nAflat\u0103 \u00een emisfera nordic\u0103, este traversat\u0103 de Soare \u00een perioada 22 iunie-22 iulie.<br \/>\nRacul a fost c\u00e2ndva cea mai avansat\u0103 constela\u0163ie spre Nord. Din acest motiv, cea mai avansat\u0103 paralel\u0103 a P\u0103m\u00e2ntului din emisfera nordic\u0103 acolo unde Soarele, o dat\u0103 pe an, \u00een ziua solsti\u0163iului de var\u0103, este la Zenit, se nume\u015fte Tropicul Racului. Tropicul sudului poart\u0103 numele Capriconului.<br \/>\n\u00cen mitologia caldeenilor, constela\u021bia Racul era numit\u0103 \u201ePoarta oamenilor\u201d, prin care coborau sufletele pe P\u0103m\u00e2nt pentru a se re\u00eencarna \u00een oameni.<br \/>\nPopoarele precolumbiene credeau c\u0103, atunci c\u00e2nd Soarele o str\u0103bate, ia forma unei p\u0103s\u0103ri de foc ce coboar\u0103 pe P\u0103m\u00e2nt pentru a primi jertfe \u0219i mai ales jertfe umane.<br \/>\n\u00cen mitologia greac\u0103, Cancer era un personaj din episodul celor 12 munci ale lui Heracles.<br \/>\n\u00cen timp ce Heracles se lupta cu Hydra, un monstru cu multe capete, zei\u021ba Hera, care nu-l pl\u0103cea pe Heracles, a trimis Crabul pentru a-i distrage aten\u021bia.<br \/>\nPentru a-l \u00eempiedica pe Heracles s\u0103 lupte cu Hidra, Racul s-a prins cu cle\u0219tii de picior, dar cu cel\u0103lalt picior Heracles l-a zdrobit. Recunosc\u0103toare, Hera, pentru efortul mititel dar eroic al micului crustaceu, l-a plasat pe cer. Crabul nu a fost \u00eenving\u0103tor, a\u0219a c\u0103 zeii nu i-au dat racului stele str\u0103lucitoare, precum am ar\u0103tat mai sus.<br \/>\nAstrologic vorbind, Racul este interiorizat, meditativ, calm, dornic de lini\u0219te \u0219i armonie, cu mult\u0103 imagina\u021bie. Din acest motiv, familia este important\u0103 pentru c\u0103 \u00eei ofer\u0103 siguran\u021b\u0103.<br \/>\nEste plin de fantezie, binevoitor \u0219i tandru, iar sentimentele \u00eel domin\u0103. Corect \u00een rela\u021biile interumane, are mul\u021bi prieteni \u0219i iube\u0219te natura. Atunci c\u00e2nd este optimist, este o persoan\u0103 pl\u0103cut\u0103.<br \/>\nRacul se conduce adeseori dup\u0103 presim\u021biri, \u00eei place s\u0103 sar\u0103 \u00een ajutorul celor afla\u021bi \u00een nevoie, s\u0103 ocroteasc\u0103 \u0219i \u00ee\u0219i face griji pentru cei din jur. \u00cei place ca meritele s\u0103-i fie recunoscute \u0219i mai ales laudele care-l motiveaz\u0103. Creativitatea este mai degrab\u0103 de tip artistic.<br \/>\nAtunci c\u00e2nd urm\u0103re\u0219te \u00eendeplinirea propriilor proiecte, este eficient. Deciziile pe care le ia sunt corecte, spectaculoase \u0219i nea\u0219teptate.<br \/>\nSe simte \u00eengr\u0103dit de conven\u021biile sociale, dar le respect\u0103 \u0219i este disciplinat. Este usor de jignit, sup\u0103r\u0103cios \u0219i, uneori, ranchiunos. Dar este \u0219i foarte u\u0219or de reconciliat. Imaginativ, poate s\u0103 vad\u0103 pericole acolo unde nu sunt. Este \u00eenchis \u00een sine \u0219i un pic tem\u0103tor. Dornic de schimb\u0103ri, sentimental, se angajeaz\u0103 uneori \u00een aventuri nepotrivite.<br \/>\n<strong>V\u0103carul\/Boarul (Bootes)<\/strong> este o constela\u021bie u\u0219or de identificat pentru c\u0103 ruda Carului Mare formeaz\u0103 un fel de arc pe care, dac\u0103-l prelungi\u021bi dinspre e spre h , ve\u021bi da peste una dintre cele mai str\u0103lucitoare stele. Aceast\u0103 stea se nume\u0219te Arcturus sau a Bootis, \u00een limbaj popular V\u0103carul. \u00cen martie se g\u0103se\u0219te spre nord-est, fiind cea mai str\u0103lucitoare stea din acea parte a cerului. \u00cen martie se ridic\u0103 la orizont, \u00een aprilie se vede bine \u0219i str\u0103luce\u0219te pe cerul nop\u021bii p\u00e2n\u0103 toamna t\u00e2rziu, c\u00e2nd ajunge aproape de apus. Are culoarea g\u0103lbui ro\u0219cat\u0103, este la distan\u021ba de 100 de ani lumin\u0103, deci este un soare de mii de ori mai mare \u0219i mai str\u0103lucitor dec\u00e2t Soarele nostru.<\/p>\n<p><img loading=\"lazy\" decoding=\"async\" class=\"aligncenter size-full wp-image-83\" src=\"https:\/\/iuliu.sancraian.ro\/wp-content\/uploads\/2015\/06\/cps5.jpg\" alt=\"cps5\" width=\"519\" height=\"539\" srcset=\"https:\/\/iuliu.sancraian.ro\/wp-content\/uploads\/2015\/06\/cps5.jpg 519w, https:\/\/iuliu.sancraian.ro\/wp-content\/uploads\/2015\/06\/cps5-289x300.jpg 289w\" sizes=\"auto, (max-width: 519px) 100vw, 519px\" \/><\/p>\n<p><strong>Coroana Boreal\u0103 (Corona Borealis)<\/strong> este aproape de constela\u021bia Boarul \u0219i se g\u0103se\u0219te \u00een prelungirea liniei imaginare care trece prin stelele g \u0219i d din Boarul. Stelele acestei constela\u021bii alc\u0103tuiesc o frumoas\u0103 coroan\u0103, \u00een care steaua cea mai str\u0103lucitoare este Gemma (a Coronae Borealis &#8211; Alphecca nume dat de arabi) sau M\u0103rg\u0103ritarul, de magnitudine doi.<br \/>\nNoi, rom\u00e2nii, numim aceast\u0103 constela\u021bie Hora, steaua Gemma fiind Fata Mare din Hor\u0103, iar cele dou\u0103 stele din interior fiind L\u0103utarii. I se mai spune Cununa, Coliba sau Casa cu Ograd\u0103.<br \/>\n<strong>Fecioara (Virgo)<\/strong> este una din constela\u021biile zodiacale pline de semnifica\u021bii cere\u0219ti. Dac\u0103 vei continua s\u0103 mergi pe arcul pornit din ruda Carului Mare \u0219i treci de Arcturus, ajungi la urm\u0103toarea stea str\u0103lucitoare care este situat\u0103 pe ecliptic\u0103, la sud de ecuator. Este Spica, a Virginis. Str\u0103lucitoare sunt \u0219i stelele g, b \u0219i e Virginis (Vindemiatrix). \u00cen aceast\u0103 constela\u021bie sunt multe nebuloase, despre care Gabriel Donna scria:<br \/>\n\u201cPrin gemele Fecioarei de-argint, misterioase<br \/>\n\u00cen plin str\u0103luce Spica \u0219i Vindemiatrix<br \/>\nCe \u2018nchid \u00eensidefatul scrin alb de nebuloase.\u201d<br \/>\nEste o constela\u021bie zodiacal\u0103 \u0219i aproape de steaua b Virginis se afl\u0103 echinoxul de toamn\u0103, c\u00e2nd Soarele taie ecuatorul \u0219i se \u00eendreapt\u0103 spre sud. Acum, ziua este egal\u0103 cu noaptea, se termin\u0103 vara astronomic\u0103 \u0219i \u00eencepe toamna astronomic\u0103.<br \/>\nAceast\u0103 constela\u021bie o reprezint\u0103 pe Fecioara Maria, iar steaua Spica este \u00een m\u0103nunchiul de spice de gr\u00e2u.<br \/>\nAre ca semn zodiacal litera m stilizat\u0103 ini\u021biala \u0219i altor fecioare care au conceput f\u0103r\u0103 de prihan\u0103 precum fiin\u021be miraculoase.<br \/>\nSituat\u0103 \u00een regiunea ecuatorial\u0103 a cerului, constela\u0163ia este str\u0103b\u0103tut\u0103 de Soare \u00een perioada 23 august-22 septembrie. Din Rom\u00e2nia, constela\u0163ia este vizibil\u0103 pe cerul de prim\u0103var\u0103.<br \/>\nIn mitologia greac\u0103, Demeter sau Demetra era zei\u021ba agriculturii \u015fi a roadelor p\u0103m\u00e2ntului. Zeus a sedus-o pe Demetra \u0219i a avut cu ea o fiic\u0103, Persephone, de care mama sa era foarte ata\u0219at\u0103.<br \/>\nZeul Hades a v\u0103zut-o, s-a \u00eendr\u0103gostit de ea, a rapit-o \u0219i a dus-o cu el pe t\u0103r\u00e2murile subp\u0103m\u00e2ntene, \u00een Infern.<br \/>\n\u00cendurerat\u0103, Demetra a hot\u0103r\u00e2t s\u0103 nu-\u0219i mai \u00eendeplineasc\u0103 \u00eendatoririle divine \u0219i nici s\u0103-si reia locul \u00een r\u00e2ndul zeilor, p\u00e2n\u0103 nu-\u0219i g\u0103se\u0219te fiica preaiubit\u0103. V\u0103z\u00e2nd c\u0103 p\u0103m\u00e2ntul nu mai rode\u0219te \u0219i holdele se usuc\u0103, Zeus l-a trimis pe Hermes s\u0103 o aduc\u0103 din lumea subp\u0103m\u00e2ntean\u0103 pe Persephone.<br \/>\nPentru c\u0103 aceasta era de acum so\u021bia lui Hades, Zeus a hot\u0103r\u00e2t ca ea s\u0103 stea 6 luni cu so\u021bul \u0219i 6 luni cu mama sa. Ea este vizibil\u0103 pe cer, \u0219ase luni, \u00een perioada c\u00e2nd p\u0103m\u00e2ntul este \u00eenverzit \u0219i roditor \u0219i plecat\u0103 la so\u021bul s\u0103u subp\u0103m\u00e2ntean toamna \u0219i iarna.<br \/>\nAstrologii afirm\u0103 c\u0103 nativul Fecioara este muncitor si modest, cu un pronun\u021bat sim\u021b al datoriei, serios \u0219i foarte cinstit. Detest\u0103 \u00een\u0219el\u0103ciunea \u0219i nu-i place s\u0103 fie \u00een\u0219elat, nici m\u0103car \u00een glum\u0103. Dotat cu o mare capacitate analitic\u0103 este obiectiv \u00een aprecieri, poate avea succese \u00een domeniul tehnic \u0219i \u0219tiin\u021bific.<br \/>\nEntuziast dar calculat, ra\u021bional, meditativ, este un om cerebral, iube\u0219te studiul. De obicei este meticulos, foarte atent la detalii. Spirit analytic, ac\u021bioneaz\u0103 corect \u0219i cu grij\u0103.<\/p>\n<p><img loading=\"lazy\" decoding=\"async\" class=\"aligncenter size-full wp-image-84\" src=\"https:\/\/iuliu.sancraian.ro\/wp-content\/uploads\/2015\/06\/cps6.jpg\" alt=\"cps6\" width=\"567\" height=\"373\" srcset=\"https:\/\/iuliu.sancraian.ro\/wp-content\/uploads\/2015\/06\/cps6.jpg 567w, https:\/\/iuliu.sancraian.ro\/wp-content\/uploads\/2015\/06\/cps6-300x197.jpg 300w, https:\/\/iuliu.sancraian.ro\/wp-content\/uploads\/2015\/06\/cps6-456x300.jpg 456w\" sizes=\"auto, (max-width: 567px) 100vw, 567px\" \/><\/p>\n<p>Este respectuos \u0219i \u00een\u021belegator. De\u0219i are uneori intui\u021bii valoroase, nu se bazeaz\u0103 pe ele. Comunic\u0103 foarte bine \u0219i d\u0103 sfaturi valoroase, dar le \u0219i apreciaz\u0103 pe cele primite.<\/p>\n<p><a href=\"https:\/\/iuliu.sancraian.ro\/index.php\/carti\/\">Intoarcere la pagina Carti.<\/a><\/p>\n","protected":false},"excerpt":{"rendered":"<p>Fragmente din carte Precesia \u00cen Vechiul Testament se reg\u0103sesc numeroase referin\u0163e la erele astrologice. Observ\u00e2nd cu aten\u0163ie cerul, anticii au observat c\u0103 aproximativ 2150 de ani, diminea\u0163a, la \u00eenceputul echinoc\u0163iului de prim\u0103var\u0103, Soarele se afl\u0103 \u00eentr-un anumit semn zodiacal. P\u00e2n\u0103 &hellip; <a href=\"https:\/\/iuliu.sancraian.ro\/index.php\/catarge-printre-stele\/\">Continue reading <span class=\"meta-nav\">&rarr;<\/span><\/a><\/p>\n","protected":false},"author":1,"featured_media":0,"parent":0,"menu_order":0,"comment_status":"closed","ping_status":"closed","template":"","meta":{"footnotes":""},"class_list":["post-73","page","type-page","status-publish","hentry"],"_links":{"self":[{"href":"https:\/\/iuliu.sancraian.ro\/index.php\/wp-json\/wp\/v2\/pages\/73","targetHints":{"allow":["GET"]}}],"collection":[{"href":"https:\/\/iuliu.sancraian.ro\/index.php\/wp-json\/wp\/v2\/pages"}],"about":[{"href":"https:\/\/iuliu.sancraian.ro\/index.php\/wp-json\/wp\/v2\/types\/page"}],"author":[{"embeddable":true,"href":"https:\/\/iuliu.sancraian.ro\/index.php\/wp-json\/wp\/v2\/users\/1"}],"replies":[{"embeddable":true,"href":"https:\/\/iuliu.sancraian.ro\/index.php\/wp-json\/wp\/v2\/comments?post=73"}],"version-history":[{"count":8,"href":"https:\/\/iuliu.sancraian.ro\/index.php\/wp-json\/wp\/v2\/pages\/73\/revisions"}],"predecessor-version":[{"id":358,"href":"https:\/\/iuliu.sancraian.ro\/index.php\/wp-json\/wp\/v2\/pages\/73\/revisions\/358"}],"wp:attachment":[{"href":"https:\/\/iuliu.sancraian.ro\/index.php\/wp-json\/wp\/v2\/media?parent=73"}],"curies":[{"name":"wp","href":"https:\/\/api.w.org\/{rel}","templated":true}]}}