{"id":505,"date":"2022-02-05T00:44:11","date_gmt":"2022-02-04T22:44:11","guid":{"rendered":"https:\/\/iuliu.sancraian.ro\/?page_id=505"},"modified":"2022-02-05T00:45:36","modified_gmt":"2022-02-04T22:45:36","slug":"noduri-si-matelotaj-editia-a-ii-a","status":"publish","type":"page","link":"https:\/\/iuliu.sancraian.ro\/index.php\/noduri-si-matelotaj-editia-a-ii-a\/","title":{"rendered":"Noduri \u0219i matelotaj edi\u021bia a II-a"},"content":{"rendered":"<p><strong>Introducere<\/strong><\/p>\n<p>Apa a atras oamenii din cele mai \u00eendep\u0103rtate timpuri. Regiunile sc\u0103ldate de apele lacurilor, r\u00e2urilor, fluviilor \u015fi m\u0103rilor au fost \u00eentotdeauna bogat populate, iar cele mai multe au devenit leag\u0103nul unor culturi impun\u0103toare.<br \/>\nTrecerea de la copacul pr\u0103v\u0103lit \u00een ap\u0103 p\u00e2n\u0103 la nava supus\u0103 voin\u0163ei omului s-a desf\u0103\u015furat \u00een decursul a mii de ani. Legat suflete\u015fte de mica sa nav\u0103, omul a \u00eenvins stihiile dezl\u0103n\u0163uite ale naturii prin curaj, tenacitate \u015fi inventivitate.<br \/>\nPrivit\u0103 la \u00eenceput cu team\u0103, experien\u0163a la bordul navelor a sf\u00e2r\u015fit prin a deveni pentru fiecare marinar subiectul celor mai nostalgice amintiri. La bordul navei \u00eencol\u0163esc primii germeni ai no\u0163iunii de lucru \u00een echip\u0103, iar caracterele, oric\u00e2te asperit\u0103\u0163i ar avea, se modeleaz\u0103.<br \/>\nEvolu\u0163ia lent\u0103 \u00een construc\u0163ia navelor, dar \u015fi \u00een exploatare, este marcat\u0103 de o terminologie specific\u0103, absolut necesar\u0103 activit\u0103\u0163ilor desf\u0103\u015furate la bord. \u00cen lupta cu minutele, oamenii m\u0103rii au \u00eenvins printr-un vocabular ce nu las\u0103 loc ambiguit\u0103\u0163ilor, necesar prescurt\u0103rii unor explica\u0163ii \u00eendelungate.<br \/>\nCapacitatea creatoare \u015fi decizia \u00een solu\u0163ionarea unor probleme tehnice specifice ap\u0103rute la bordul navelor au dus la apari\u0163ia unor solu\u0163ii \u00een aparen\u0163\u0103 simple, dar deosebit de trainice \u015fi eficiente \u00een exploatare.<br \/>\nPrintre acestea se afl\u0103 \u015fi lucr\u0103rile de matelotaj \u015fi nodurile marin\u0103re\u015fti caracterizate prin faptul c\u0103 se fac u\u015for, rezist\u0103 la efort \u015fi se desfac la fel de u\u015for dup\u0103 \u00eentrebuin\u0163are.<br \/>\nCu toate progresele tehnice realizate \u00een construc\u0163iile navale, m\u00e2na omului nu a putut fi \u00eenlocuit\u0103 complet \u00een executarea lucr\u0103rilor de matelotaj, fapt ce impune ca fiecare marinar s\u0103-\u015fi \u00eensu\u015feasc\u0103 executarea acestor lucr\u0103ri, de multe ori siguran\u0163a omului \u015fi chiar a navei fiind dependente de executarea corect\u0103 \u015fi la timp a unui nod.<br \/>\nConsider\u0103m aceast\u0103 lucrare o modest\u0103 \u00eencercare de a sprijini marinarii \u00een nobila lor misiune.<\/p>\n<p>Schi\u021bele trase \u00een tu\u0219 cu peni\u021ba preluate din edi\u021bia din 2007 a acestei c\u0103r\u021bi, au fost realizate de Ionescu Ovidiu care, cu c\u00e2\u021biva ani \u00een urm\u0103, s-a dus dincolo de orizont.<\/p>\n<p><strong>Capitolele c\u0103r\u021bii Noduri \u0219i matelotaj:<\/strong><br \/>\nIntroducere&#8230;&#8230;&#8230;&#8230;&#8230;&#8230;&#8230;&#8230;&#8230;&#8230;&#8230;&#8230;&#8230;&#8230;&#8230;&#8230;&#8230;&#8230;&#8230;&#8230;&#8230;&#8230;&#8230;&#8230;&#8230;&#8230;.7<br \/>\nCapitolul I Par\u00e2me&#8230;&#8230;&#8230;&#8230;&#8230;&#8230;&#8230;&#8230;&#8230;&#8230;&#8230;&#8230;&#8230;&#8230;&#8230;&#8230;&#8230;&#8230;&#8230;&#8230;&#8230;&#8230;.9<br \/>\nCapitolul II Noduri marin\u0103re\u0219ti &#8230;&#8230;&#8230;&#8230;&#8230;&#8230;&#8230;&#8230;&#8230;&#8230;&#8230;&#8230;&#8230;.25<br \/>\nCapitolul III Noduri pesc\u0103re\u0219ti&#8230;&#8230;&#8230;&#8230;&#8230;&#8230;&#8230;&#8230;&#8230;&#8230;&#8230;&#8230;&#8230;&#8230;83<br \/>\nCAPITOLUL IV Volte, bo\u021buri, leg\u0103turi&#8230;&#8230;&#8230;&#8230;&#8230;&#8230;&#8230;&#8230;105<br \/>\nCAPITOLUL V Lucr\u0103ri de matelotaj&#8230;&#8230;&#8230;&#8230;&#8230;&#8230;&#8230;&#8230;&#8230;.125<br \/>\nBibliografie&#8230;&#8230;&#8230;&#8230;&#8230;&#8230;&#8230;&#8230;&#8230;&#8230;&#8230;&#8230;&#8230;&#8230;&#8230;&#8230;&#8230;&#8230;&#8230;&#8230;&#8230;&#8230;&#8230;&#8230;150<\/p>\n","protected":false},"excerpt":{"rendered":"<p>Introducere Apa a atras oamenii din cele mai \u00eendep\u0103rtate timpuri. Regiunile sc\u0103ldate de apele lacurilor, r\u00e2urilor, fluviilor \u015fi m\u0103rilor au fost \u00eentotdeauna bogat populate, iar cele mai multe au devenit leag\u0103nul unor culturi impun\u0103toare. Trecerea de la copacul pr\u0103v\u0103lit \u00een &hellip; <a href=\"https:\/\/iuliu.sancraian.ro\/index.php\/noduri-si-matelotaj-editia-a-ii-a\/\">Continue reading <span class=\"meta-nav\">&rarr;<\/span><\/a><\/p>\n","protected":false},"author":1,"featured_media":0,"parent":0,"menu_order":0,"comment_status":"closed","ping_status":"closed","template":"","meta":{"footnotes":""},"class_list":["post-505","page","type-page","status-publish","hentry"],"_links":{"self":[{"href":"https:\/\/iuliu.sancraian.ro\/index.php\/wp-json\/wp\/v2\/pages\/505","targetHints":{"allow":["GET"]}}],"collection":[{"href":"https:\/\/iuliu.sancraian.ro\/index.php\/wp-json\/wp\/v2\/pages"}],"about":[{"href":"https:\/\/iuliu.sancraian.ro\/index.php\/wp-json\/wp\/v2\/types\/page"}],"author":[{"embeddable":true,"href":"https:\/\/iuliu.sancraian.ro\/index.php\/wp-json\/wp\/v2\/users\/1"}],"replies":[{"embeddable":true,"href":"https:\/\/iuliu.sancraian.ro\/index.php\/wp-json\/wp\/v2\/comments?post=505"}],"version-history":[{"count":2,"href":"https:\/\/iuliu.sancraian.ro\/index.php\/wp-json\/wp\/v2\/pages\/505\/revisions"}],"predecessor-version":[{"id":507,"href":"https:\/\/iuliu.sancraian.ro\/index.php\/wp-json\/wp\/v2\/pages\/505\/revisions\/507"}],"wp:attachment":[{"href":"https:\/\/iuliu.sancraian.ro\/index.php\/wp-json\/wp\/v2\/media?parent=505"}],"curies":[{"name":"wp","href":"https:\/\/api.w.org\/{rel}","templated":true}]}}