{"id":5,"date":"2015-06-21T15:09:10","date_gmt":"2015-06-21T15:09:10","guid":{"rendered":"http:\/\/iuliu.sancraian.ro\/?page_id=5"},"modified":"2022-02-04T22:35:14","modified_gmt":"2022-02-04T20:35:14","slug":"home","status":"publish","type":"page","link":"https:\/\/iuliu.sancraian.ro\/","title":{"rendered":"Despre noi"},"content":{"rendered":"<p>Oferim celor care iubesc marea \u0219i pe marinari:<br \/>\n-informa\u021bii in domeniul naviga\u021biei \u0219i marin\u0103riei<br \/>\n-consulta\u021bii pentru cei care doresc s\u0103 aprofundeze cuno\u0219tin\u021bele de naviga\u021bie<br \/>\n-c\u0103r\u021bi care ajut\u0103 ofi\u021berul de cart pe puntea de comand\u0103 s\u0103-\u0219i \u00eendeplineasc\u0103 profesional \u00eendatoririle<br \/>\n-c\u0103r\u021bi pentru conduc\u0103torii de ambarca\u021biuni de agreement pentru a se bucura la fiecare voiaj pe ape interioare sau pe mare<br \/>\n-sprijin \u00een realizarea unor lucr\u0103ri care pot include algoritmi \u0219i programe informatice pentru rezolvarea unor probleme de specialitate<br \/>\n-aplica\u021bii pentru testarea cuno\u0219tin\u021belor<br \/>\n-aplica\u021bii de simulare a diferitelor tipuri de radare precum \u0219i rezolvarea unei game largi de probleme de radar plotting \u0219i cinematic\u0103 naval\u0103<\/p>\n<p><a href=\"https:\/\/iuliu.sancraian.ro\/wp-content\/uploads\/2015\/06\/sextant2.jpg\"><img loading=\"lazy\" decoding=\"async\" class=\" size-full wp-image-12 alignleft\" src=\"https:\/\/iuliu.sancraian.ro\/wp-content\/uploads\/2015\/06\/sextant2.jpg\" alt=\"sextant2\" width=\"220\" height=\"165\"><\/a>&nbsp;&nbsp; <a href=\"https:\/\/iuliu.sancraian.ro\/wp-content\/uploads\/2015\/06\/sextant1.jpg\"><img loading=\"lazy\" decoding=\"async\" class=\" size-full wp-image-11 alignleft\" src=\"https:\/\/iuliu.sancraian.ro\/wp-content\/uploads\/2015\/06\/sextant1.jpg\" alt=\"sextant1\" width=\"220\" height=\"165\"><\/a>&nbsp;&nbsp;&nbsp; &nbsp; <a href=\"https:\/\/iuliu.sancraian.ro\/wp-content\/uploads\/2015\/06\/sextant3.jpg\"><img loading=\"lazy\" decoding=\"async\" class=\" size-full wp-image-9 alignleft\" src=\"https:\/\/iuliu.sancraian.ro\/wp-content\/uploads\/2015\/06\/sextant3.jpg\" alt=\"sextant3\" width=\"220\" height=\"165\"><\/a><a href=\"https:\/\/iuliu.sancraian.ro\/wp-content\/uploads\/2015\/06\/diploma-clubul-amiralilor-mica.jpg\"><img loading=\"lazy\" decoding=\"async\" class=\" size-medium wp-image-10 alignleft\" src=\"https:\/\/iuliu.sancraian.ro\/wp-content\/uploads\/2015\/06\/diploma-clubul-amiralilor-mica-214x300.jpg\" alt=\"diploma clubul amiralilor mica\" width=\"214\" height=\"300\" srcset=\"https:\/\/iuliu.sancraian.ro\/wp-content\/uploads\/2015\/06\/diploma-clubul-amiralilor-mica-214x300.jpg 214w, https:\/\/iuliu.sancraian.ro\/wp-content\/uploads\/2015\/06\/diploma-clubul-amiralilor-mica.jpg 220w\" sizes=\"auto, (max-width: 214px) 100vw, 214px\" \/><\/a><\/p>\n","protected":false},"excerpt":{"rendered":"<p>Oferim celor care iubesc marea \u0219i pe marinari: -informa\u021bii in domeniul naviga\u021biei \u0219i marin\u0103riei -consulta\u021bii pentru cei care doresc s\u0103 aprofundeze cuno\u0219tin\u021bele de naviga\u021bie -c\u0103r\u021bi care ajut\u0103 ofi\u021berul de cart pe puntea de comand\u0103 s\u0103-\u0219i \u00eendeplineasc\u0103 profesional \u00eendatoririle -c\u0103r\u021bi pentru &hellip; <a href=\"https:\/\/iuliu.sancraian.ro\/\">Continue reading <span class=\"meta-nav\">&rarr;<\/span><\/a><\/p>\n","protected":false},"author":1,"featured_media":0,"parent":0,"menu_order":0,"comment_status":"closed","ping_status":"closed","template":"","meta":{"footnotes":""},"class_list":["post-5","page","type-page","status-publish","hentry"],"_links":{"self":[{"href":"https:\/\/iuliu.sancraian.ro\/index.php\/wp-json\/wp\/v2\/pages\/5","targetHints":{"allow":["GET"]}}],"collection":[{"href":"https:\/\/iuliu.sancraian.ro\/index.php\/wp-json\/wp\/v2\/pages"}],"about":[{"href":"https:\/\/iuliu.sancraian.ro\/index.php\/wp-json\/wp\/v2\/types\/page"}],"author":[{"embeddable":true,"href":"https:\/\/iuliu.sancraian.ro\/index.php\/wp-json\/wp\/v2\/users\/1"}],"replies":[{"embeddable":true,"href":"https:\/\/iuliu.sancraian.ro\/index.php\/wp-json\/wp\/v2\/comments?post=5"}],"version-history":[{"count":11,"href":"https:\/\/iuliu.sancraian.ro\/index.php\/wp-json\/wp\/v2\/pages\/5\/revisions"}],"predecessor-version":[{"id":458,"href":"https:\/\/iuliu.sancraian.ro\/index.php\/wp-json\/wp\/v2\/pages\/5\/revisions\/458"}],"wp:attachment":[{"href":"https:\/\/iuliu.sancraian.ro\/index.php\/wp-json\/wp\/v2\/media?parent=5"}],"curies":[{"name":"wp","href":"https:\/\/api.w.org\/{rel}","templated":true}]}}