{"id":44,"date":"2015-06-21T18:08:57","date_gmt":"2015-06-21T18:08:57","guid":{"rendered":"http:\/\/iuliu.sancraian.ro\/?page_id=44"},"modified":"2015-06-24T20:20:07","modified_gmt":"2015-06-24T20:20:07","slug":"regulament-de-navigatie-pe-dunare","status":"publish","type":"page","link":"https:\/\/iuliu.sancraian.ro\/index.php\/regulament-de-navigatie-pe-dunare\/","title":{"rendered":"Regulament de navigatie pe Dunare"},"content":{"rendered":"<p><strong> 1. Scurt\u0103 prezentare a lucr\u0103rii<\/strong><\/p>\n<p>Lucrarea a fost elaborat\u0103 pentru a-i ajuta pe marinarii care activeaz\u0103 pe fluviul Dun\u0103rea s\u0103-\u0219i \u00eensu\u0219easc\u0103 temeinic prevederile RND.<\/p>\n<p>\u00cen acest scop a fost conceput\u0103 o baterie de teste (650 \u00eentreb\u0103ri), \u00een care fiecare articol \u0219i paragraf ale RND au fost transformate \u00eentr-o \u00eentrebare, c\u0103reia i-au fost asociate trei variante de r\u0103spuns, din care, numai una este corect\u0103.<\/p>\n<p>Bateria de teste este integrat\u0103 \u00een aplica\u021bia informatic\u0103, asociat\u0103 RND, care asigur\u0103 \u00eenv\u0103\u021barea prevederilor regulamentare, precum \u0219i autotestarea sau testarea cunoa\u0219terii acestora.<\/p>\n<p>Pentru a da flexibilitate procesului de \u00eenv\u0103\u021bare, s-a prev\u0103zut posibilitatea personalizarii bateriei de teste \u00een func\u021bie de ariile curiculare specifice activit\u0103\u021bii pe fluvial Dun\u0103rea \u0219i apele interioare<\/p>\n<p>Aplica\u021bia informatic\u0103 asigur\u0103:<\/p>\n<p>-realizarea unor baterii de teste personalizate conform ariei curiculare<\/p>\n<p>-\u00eenv\u0103\u021barea &#8211; prin parcurgerea bateriilor de teste, integral\u0103 sau\u00a0 personalizat\u0103, \u0219i verificarea imediat\u0103 a corectitudinii alegerii variantei de r\u0103spuns<\/p>\n<p>-testarea \u00eensu\u0219irii prevederilor regulamentului. In acest scop din bateria de teste aleas\u0103, calculatorul selecteaz\u0103 aleator, la fiecare testare, un numar de \u00eentreb\u0103ri, la care cel testat\u00a0 trebuie s\u0103 aleaga varianta de r\u0103spuns corect\u0103. La \u00eencheierea testarii se afiseaz\u0103 procentul r\u0103spunsurilor corecte. Utilizatorul poate verifica la final modul in care a r\u0103spuns la \u00eentreb\u0103rile selectate la testare.<\/p>\n<p><strong>2. Instruc\u021biuni de utilizare<\/strong><\/p>\n<p><strong>2.1. <\/strong>Lansarea \u00een execu\u021bie aduce pe ecran prima fereastr\u0103:<\/p>\n<p><img loading=\"lazy\" decoding=\"async\" class=\"aligncenter size-full wp-image-51\" src=\"http:\/\/iuliu.sancraian.ro\/wp-content\/uploads\/2015\/06\/rnd1.jpg\" alt=\"rnd1\" width=\"337\" height=\"234\" srcset=\"https:\/\/iuliu.sancraian.ro\/wp-content\/uploads\/2015\/06\/rnd1.jpg 337w, https:\/\/iuliu.sancraian.ro\/wp-content\/uploads\/2015\/06\/rnd1-300x208.jpg 300w\" sizes=\"auto, (max-width: 337px) 100vw, 337px\" \/><\/p>\n<p><strong>2.2. <\/strong>Urm\u0103toarea fereastr\u0103 asigur\u0103 accesul la aplica\u021bie:<\/p>\n<p><img loading=\"lazy\" decoding=\"async\" class=\"aligncenter size-full wp-image-52\" src=\"http:\/\/iuliu.sancraian.ro\/wp-content\/uploads\/2015\/06\/rnd2.jpg\" alt=\"rnd2\" width=\"358\" height=\"226\" srcset=\"https:\/\/iuliu.sancraian.ro\/wp-content\/uploads\/2015\/06\/rnd2.jpg 358w, https:\/\/iuliu.sancraian.ro\/wp-content\/uploads\/2015\/06\/rnd2-300x189.jpg 300w\" sizes=\"auto, (max-width: 358px) 100vw, 358px\" \/><\/p>\n<p>Accesul este permis dac\u0103 utilizatorul introduce parola (cuv\u00e2ntul) scoas\u0103 din cele dou\u0103 c\u0103r\u021bi care \u00eenso\u021besc programul (Vol. 1 con\u021bine <strong>Regulamentul de Naviga\u021bie pe Dun\u0103re<\/strong>, iar Vol. 2 bateria de teste integral\u0103) de la pagina, r\u00e2ndul, ordinea din r\u00e2nd alese aleator de program.<\/p>\n<p>Dac\u0103 se apas\u0103 pe butonul \u201e<strong><em>Cite\u0219te instruc\u021biunile de utilizare<\/em><\/strong>\u201d se afi\u0219eaz\u0103 \u0219i modul \u00een care trebuie s\u0103 introduce\u021bi parola.<\/p>\n<p>Numai dac\u0103 se introduce parola corect\u0103 se deschide fereastra care asigur\u0103 accesul la meniul de lucru.<\/p>\n<p><strong>2.3.\u00a0 Meniul de lucru <\/strong><\/p>\n<p><em><strong>Fi\u0219iere<\/strong><\/em><\/p>\n<p>-Generare baterie de teste personalizat\u0103 pe aria curicular\u0103;<\/p>\n<p>-Terminat.<\/p>\n<p><em><strong>\u00cenv\u0103\u021bare<\/strong><\/em><\/p>\n<p>-\u00cenv\u0103\u021bare pe bateria de teste integral\u0103;<\/p>\n<p>-\u00cenv\u0103\u021bare pe bateria de teste personalizat\u0103 pe aria curicular\u0103.<\/p>\n<p><em><strong>Testare<\/strong><\/em><\/p>\n<p>-\u00cenv\u0103\u021bare pe bateria de teste integral\u0103;<\/p>\n<p>-\u00cenv\u0103\u021bare pe bateria de teste personalizat\u0103 pe aria curicular\u0103.<\/p>\n<p><strong>2.3.1. Generarea bateriei de teste personalizat\u0103 pe aria curicular\u0103<\/strong><\/p>\n<p><img loading=\"lazy\" decoding=\"async\" class=\"aligncenter size-full wp-image-53\" src=\"http:\/\/iuliu.sancraian.ro\/wp-content\/uploads\/2015\/06\/rnd3.jpg\" alt=\"rnd3\" width=\"481\" height=\"318\" srcset=\"https:\/\/iuliu.sancraian.ro\/wp-content\/uploads\/2015\/06\/rnd3.jpg 481w, https:\/\/iuliu.sancraian.ro\/wp-content\/uploads\/2015\/06\/rnd3-300x198.jpg 300w, https:\/\/iuliu.sancraian.ro\/wp-content\/uploads\/2015\/06\/rnd3-454x300.jpg 454w\" sizes=\"auto, (max-width: 481px) 100vw, 481px\" \/><\/p>\n<p>\u00cen func\u021bie de aria curicular\u0103 de interes din bateria de teste integral\u0103 pute\u021bi alege\/transfera \u00eentr-un fi\u0219ier separat un num\u0103r mai mic de \u00eentreb\u0103ri.<\/p>\n<p>Modul de utilizare este simplu. Se parcurge ap\u0103s\u00e2nd pe s\u0103geat\u0103 fi\u0219ierul integral \u0219i pentru a transfera \u00eentrebarea \u00een noul fi\u0219ier se apas\u0103 butonul \u201e<em><strong>Transfer \u00eentrebarea \u00een noul fi\u0219ier<\/strong><\/em>\u201d. Dac\u0103 v\u0103 r\u0103zg\u00e2ndi\u021bi pozi\u021biona\u021bi-v\u0103 pe \u00eentrebare \u0219i ap\u0103sa\u021bi butonul \u201e<em><strong>\u0218terge<\/strong><\/em>\u201d<\/p>\n<p><strong>2.3.2. \u00cenv\u0103\u021bare<\/strong><\/p>\n<p>Asigur\u0103 parcurgerea ascendent\u0103 sau descendent\u0103 a fi\u0219ierului integral sau a fi\u0219ierului personalizat pe aria curicular\u0103. Cu s\u0103geata st\u00e2nga sau dreapta se parcurge bateria de teste aleas\u0103 \u0219i dac\u0103 vre\u021bi s\u0103 confrunta\u021bi varianta aleas\u0103 cu cea corect\u0103 ap\u0103sa\u021bi butonul \u201e<em><strong>Verific<\/strong><\/em>\u201d, moment \u00een care \u00een caset\u0103 este afi\u0219at\u0103 varianta de r\u0103spuns corect\u0103. Dac\u0103 se dore\u0219te pozi\u021bionarea la sf\u00e2r\u0219itul sau \u00eenceputul fi\u0219ierului ap\u0103sa\u021bi s\u0103ge\u021bile verticale.<\/p>\n<p><img loading=\"lazy\" decoding=\"async\" class=\"aligncenter size-full wp-image-54\" src=\"http:\/\/iuliu.sancraian.ro\/wp-content\/uploads\/2015\/06\/rnd4.jpg\" alt=\"rnd4\" width=\"485\" height=\"372\" srcset=\"https:\/\/iuliu.sancraian.ro\/wp-content\/uploads\/2015\/06\/rnd4.jpg 485w, https:\/\/iuliu.sancraian.ro\/wp-content\/uploads\/2015\/06\/rnd4-300x230.jpg 300w, https:\/\/iuliu.sancraian.ro\/wp-content\/uploads\/2015\/06\/rnd4-391x300.jpg 391w\" sizes=\"auto, (max-width: 485px) 100vw, 485px\" \/><\/p>\n<p>\u00cen momentul ap\u0103s\u0103rii butonului \u201e<em><strong>Start<\/strong><\/em>\u201d programul genereaz\u0103 30 numere aleatoare din intervalul (1- Num\u0103r total de \u00eentreb\u0103ri din bateria de teste). \u00cen acest fel niciun test nu seam\u0103n\u0103 cu altul. Se porne\u0219te ceasul care marcheaz\u0103 num\u0103rul de minute r\u0103mas p\u00e2n\u0103 la \u00eencheierea testului.<\/p>\n<p>Utilizatorul alege varianta de r\u0103spuns, ap\u0103s\u00e2nd unul din radiobutoanele \u201e<em><strong>A<\/strong><\/em>\u201d, \u201e<em><strong>B<\/strong><\/em>\u201d sau \u201e<em><strong>C<\/strong><\/em>\u201d, apoi apas\u0103 butonul \u201e<em><strong>Confirm<\/strong><\/em>\u201d, moment \u00een care se afi\u0219eaz\u0103 urm\u0103toarea \u00eentrebare cu variantele sale de r\u0103spuns.<\/p>\n<p>La terminarea test\u0103rii se afi\u0219eaz\u0103 procentual num\u0103rul de r\u0103spunsuri corecte.<\/p>\n<p>Dac\u0103 dori\u021bi s\u0103 analiza\u021bi r\u0103spunsurile date ap\u0103sa\u021bi butonul \u201e<em><strong>Verificare test<\/strong><\/em>\u201d \u0219i ve\u021bi vedea r\u0103spunsul dat \u0219i r\u0103spunsul corect al fiec\u0103rei \u00eentreb\u0103ri.<\/p>\n<p><a href=\"http:\/\/iuliu.sancraian.ro\/index.php\/carti\/\">Intoarcere la pagina Carti.<\/a><\/p>\n","protected":false},"excerpt":{"rendered":"<p>1. Scurt\u0103 prezentare a lucr\u0103rii Lucrarea a fost elaborat\u0103 pentru a-i ajuta pe marinarii care activeaz\u0103 pe fluviul Dun\u0103rea s\u0103-\u0219i \u00eensu\u0219easc\u0103 temeinic prevederile RND. \u00cen acest scop a fost conceput\u0103 o baterie de teste (650 \u00eentreb\u0103ri), \u00een care fiecare articol &hellip; <a href=\"https:\/\/iuliu.sancraian.ro\/index.php\/regulament-de-navigatie-pe-dunare\/\">Continue reading <span class=\"meta-nav\">&rarr;<\/span><\/a><\/p>\n","protected":false},"author":1,"featured_media":0,"parent":0,"menu_order":0,"comment_status":"closed","ping_status":"closed","template":"","meta":{"footnotes":""},"class_list":["post-44","page","type-page","status-publish","hentry"],"_links":{"self":[{"href":"https:\/\/iuliu.sancraian.ro\/index.php\/wp-json\/wp\/v2\/pages\/44","targetHints":{"allow":["GET"]}}],"collection":[{"href":"https:\/\/iuliu.sancraian.ro\/index.php\/wp-json\/wp\/v2\/pages"}],"about":[{"href":"https:\/\/iuliu.sancraian.ro\/index.php\/wp-json\/wp\/v2\/types\/page"}],"author":[{"embeddable":true,"href":"https:\/\/iuliu.sancraian.ro\/index.php\/wp-json\/wp\/v2\/users\/1"}],"replies":[{"embeddable":true,"href":"https:\/\/iuliu.sancraian.ro\/index.php\/wp-json\/wp\/v2\/comments?post=44"}],"version-history":[{"count":9,"href":"https:\/\/iuliu.sancraian.ro\/index.php\/wp-json\/wp\/v2\/pages\/44\/revisions"}],"predecessor-version":[{"id":70,"href":"https:\/\/iuliu.sancraian.ro\/index.php\/wp-json\/wp\/v2\/pages\/44\/revisions\/70"}],"wp:attachment":[{"href":"https:\/\/iuliu.sancraian.ro\/index.php\/wp-json\/wp\/v2\/media?parent=44"}],"curies":[{"name":"wp","href":"https:\/\/api.w.org\/{rel}","templated":true}]}}