{"id":418,"date":"2019-03-04T21:27:55","date_gmt":"2019-03-04T21:27:55","guid":{"rendered":"https:\/\/iuliu.sancraian.ro\/?page_id=418"},"modified":"2019-03-04T21:27:55","modified_gmt":"2019-03-04T21:27:55","slug":"comunicatii-navale-gmdss-lrc","status":"publish","type":"page","link":"https:\/\/iuliu.sancraian.ro\/index.php\/comunicatii-navale-gmdss-lrc\/","title":{"rendered":"Comunicatii navale GMDSS \u2013 LRC"},"content":{"rendered":"\n<p>Necesitatea oper\u0103rii corecte a oric\u0103rui echipament de\nradiocomunica\u021bii, &nbsp;de c\u0103tre personal\ncalificat, este&nbsp; clar exprimat\u0103 \u00een&nbsp; <em>Regulamentul\nRadio ITU<\/em>, care cere ca seviciul fiec\u0103rui radio-telefon naval (<em>handheld<\/em>) s\u0103 fie controlat de un\noperator ce de\u0163ine un certificat emis \u015fi recunoscut de Guvernul respectiv. <\/p>\n\n\n\n<p>\u00cen consecin\u021b\u0103,\ncursurile GMDSS (GOC &#8211; General Operator\u2019s Certificate,\nLRC &#8211; Long Range Certificate, SRC &#8211; Short Range Certificate sau ROC &#8211;\nRestricted Operators Certificate) sunt obligatorii pentru to\u021bi cei care vor s\u0103\nnavigheze pe mare \u0219i vor fi \u00een situa\u021bia de a utiliza un echipament de\ncomunica\u021bii radio.<\/p>\n\n\n\n<p>Necunoa\u0219terea manipul\u0103rii aparaturii din\nserviciul maritim mobil sau mobil maritim prin satelit de la bord \u0219i a\nprocedurilor de comunica\u021bie poate duce la situa\u021bii deosebit de periculoase.\nImagina\u021bi-v\u0103 situa\u021bia \u00een care sunte\u021bi \u00een pericol (incendiu, scufundare,\ncoliziune, atac pirateresc, om la ap\u0103 etc.), ave\u021bi o avarie sau un r\u0103nit\/bolnav\nla bord \u0219i ave\u021bi nevoie de ajutor sau vre\u021bi s\u0103 da\u021bi un telefon acas\u0103 \u0219i nu cunoa\u0219te\u021bi\nprocedurile de folosire a mijloacelor de comunica\u021bie.<\/p>\n\n\n\n<p>Prezenta carte este un ghid de utilizare\na mijloacelor de comunica\u021bie din serviciul mobil maritim, serviciul mobil\nmaritim prin satelit, sau goniometrarea locului sinistrului naval, dar \u0219i\ncunoa\u0219terea mijloacelor de semnalizare care \u00een anumite \u00eemprejur\u0103ri sunt\nindispensabile. <\/p>\n\n\n\n<p>Am inclus \u00een carte Expresii\nstandard de comunicare pentru navigatori &#8211; IMO Standard\nMarine Communication Phrases (SMCP), prezent\u00e2ndu-le at\u00e2t \u00een limba rom\u00e2n\u0103, c\u00e2t\n\u0219i \u00een limba englez\u0103 pentru augmentarea \u00een\u021belegerii \u0219i \u00eencrederii utiliz\u0103rii\nacestora.\n\nAplica\u021bia\nde \u00eenv\u0103\u021bare \u0219i autotestare a cunoa\u0219terii, ata\u0219at\u0103 acestei c\u0103r\u021bi, aduce plusul\nspecific utiliz\u0103rii metodelor moderne de de \u00eenv\u0103\u021bare.\n\n\n\n<\/p>\n\n\n\n<div class=\"wp-block-file\"><a href=\"https:\/\/iuliu.sancraian.ro\/wp-content\/uploads\/2019\/03\/4Cuprins_GMDSS.pdf\">Cuprins GMDSS<\/a><a href=\"https:\/\/iuliu.sancraian.ro\/wp-content\/uploads\/2019\/03\/4Cuprins_GMDSS.pdf\" class=\"wp-block-file__button\" download>Download<\/a><\/div>\n","protected":false},"excerpt":{"rendered":"<p>Necesitatea oper\u0103rii corecte a oric\u0103rui echipament de radiocomunica\u021bii, &nbsp;de c\u0103tre personal calificat, este&nbsp; clar exprimat\u0103 \u00een&nbsp; Regulamentul Radio ITU, care cere ca seviciul fiec\u0103rui radio-telefon naval (handheld) s\u0103 fie controlat de un operator ce de\u0163ine un certificat emis \u015fi recunoscut &hellip; <a href=\"https:\/\/iuliu.sancraian.ro\/index.php\/comunicatii-navale-gmdss-lrc\/\">Continue reading <span class=\"meta-nav\">&rarr;<\/span><\/a><\/p>\n","protected":false},"author":1,"featured_media":0,"parent":0,"menu_order":0,"comment_status":"closed","ping_status":"closed","template":"","meta":{"footnotes":""},"class_list":["post-418","page","type-page","status-publish","hentry"],"_links":{"self":[{"href":"https:\/\/iuliu.sancraian.ro\/index.php\/wp-json\/wp\/v2\/pages\/418","targetHints":{"allow":["GET"]}}],"collection":[{"href":"https:\/\/iuliu.sancraian.ro\/index.php\/wp-json\/wp\/v2\/pages"}],"about":[{"href":"https:\/\/iuliu.sancraian.ro\/index.php\/wp-json\/wp\/v2\/types\/page"}],"author":[{"embeddable":true,"href":"https:\/\/iuliu.sancraian.ro\/index.php\/wp-json\/wp\/v2\/users\/1"}],"replies":[{"embeddable":true,"href":"https:\/\/iuliu.sancraian.ro\/index.php\/wp-json\/wp\/v2\/comments?post=418"}],"version-history":[{"count":1,"href":"https:\/\/iuliu.sancraian.ro\/index.php\/wp-json\/wp\/v2\/pages\/418\/revisions"}],"predecessor-version":[{"id":420,"href":"https:\/\/iuliu.sancraian.ro\/index.php\/wp-json\/wp\/v2\/pages\/418\/revisions\/420"}],"wp:attachment":[{"href":"https:\/\/iuliu.sancraian.ro\/index.php\/wp-json\/wp\/v2\/media?parent=418"}],"curies":[{"name":"wp","href":"https:\/\/api.w.org\/{rel}","templated":true}]}}