{"id":341,"date":"2018-01-12T14:09:48","date_gmt":"2018-01-12T14:09:48","guid":{"rendered":"http:\/\/iuliu.sancraian.ro\/?page_id=341"},"modified":"2018-01-12T14:24:24","modified_gmt":"2018-01-12T14:24:24","slug":"dictionarul-conducatorului-de-ambarcatiune-de-agrement","status":"publish","type":"page","link":"https:\/\/iuliu.sancraian.ro\/index.php\/dictionarul-conducatorului-de-ambarcatiune-de-agrement\/","title":{"rendered":"Dictionarul conducatorului de ambarcatiune de agrement"},"content":{"rendered":"<p>Aceast\u0103 carte s-a n\u0103scut la sugestia unor cursan\u021bi doritori s\u0103 ob\u021bin\u0103 certificatul de conduc\u0103tor de ambarca\u021biune de agrement, pu\u0219i la grea \u00eencercare \u00een prima zi de curs, c\u00e2nd au venit \u00een contact cu terminologia marin\u0103reasc\u0103 nou\u0103 \u0219i aparent ciudat\u0103, dar incitant\u0103 pentru mul\u021bi dintre ei.<\/p>\n<p>Termenii sunt prezenta\u021bi \u0219i \u00een limba englez\u0103 deoarece, pentru conduc\u0103torii de ambarca\u021biune care au certificate clasa B, dar mai ales pentru cei cu clasa A, cunoa\u0219terea terminologiei marin\u0103re\u0219ti \u00een limba englez\u0103 este necesar\u0103.<\/p>\n<p>Explica\u021biile sunt ample, dar concise, iar schemele \u0219i imaginile prezentate au menirea s\u0103 cuprind\u0103 elementele esen\u021biale \u0219i s\u0103 fie riguros exacte. Legile fizicii care guverneaz\u0103 mi\u0219carea ambarca\u021biunii pe ap\u0103 au fost prezentate c\u00e2t mai detaliat \u0219i mai expresiv posibil, pentru c\u0103, \u00een\u021beleg\u00e2nd dinamica ambarca\u021biunii, putem s\u0103 o folosim eficient \u0219i s\u0103 o ferim de accidente.<\/p>\n<p>Acest dic\u021bionar nu \u00eel consider \u00eencheiat pentru c\u0103 tehnologia \u0219i \u0219tiin\u021bele nautice sunt \u00een mar\u0219 ne\u00eentrerupt.<br \/>\nDic\u021bionarul este o contribu\u021bie la r\u0103sp\u00e2ndirea \u0219i \u00eent\u0103rirea spiritului marin\u0103resc.<\/p>\n","protected":false},"excerpt":{"rendered":"<p>Aceast\u0103 carte s-a n\u0103scut la sugestia unor cursan\u021bi doritori s\u0103 ob\u021bin\u0103 certificatul de conduc\u0103tor de ambarca\u021biune de agrement, pu\u0219i la grea \u00eencercare \u00een prima zi de curs, c\u00e2nd au venit \u00een contact cu terminologia marin\u0103reasc\u0103 nou\u0103 \u0219i aparent ciudat\u0103, dar &hellip; <a href=\"https:\/\/iuliu.sancraian.ro\/index.php\/dictionarul-conducatorului-de-ambarcatiune-de-agrement\/\">Continue reading <span class=\"meta-nav\">&rarr;<\/span><\/a><\/p>\n","protected":false},"author":1,"featured_media":0,"parent":0,"menu_order":0,"comment_status":"closed","ping_status":"closed","template":"","meta":{"footnotes":""},"class_list":["post-341","page","type-page","status-publish","hentry"],"_links":{"self":[{"href":"https:\/\/iuliu.sancraian.ro\/index.php\/wp-json\/wp\/v2\/pages\/341","targetHints":{"allow":["GET"]}}],"collection":[{"href":"https:\/\/iuliu.sancraian.ro\/index.php\/wp-json\/wp\/v2\/pages"}],"about":[{"href":"https:\/\/iuliu.sancraian.ro\/index.php\/wp-json\/wp\/v2\/types\/page"}],"author":[{"embeddable":true,"href":"https:\/\/iuliu.sancraian.ro\/index.php\/wp-json\/wp\/v2\/users\/1"}],"replies":[{"embeddable":true,"href":"https:\/\/iuliu.sancraian.ro\/index.php\/wp-json\/wp\/v2\/comments?post=341"}],"version-history":[{"count":3,"href":"https:\/\/iuliu.sancraian.ro\/index.php\/wp-json\/wp\/v2\/pages\/341\/revisions"}],"predecessor-version":[{"id":344,"href":"https:\/\/iuliu.sancraian.ro\/index.php\/wp-json\/wp\/v2\/pages\/341\/revisions\/344"}],"wp:attachment":[{"href":"https:\/\/iuliu.sancraian.ro\/index.php\/wp-json\/wp\/v2\/media?parent=341"}],"curies":[{"name":"wp","href":"https:\/\/api.w.org\/{rel}","templated":true}]}}