{"id":272,"date":"2015-07-19T08:31:30","date_gmt":"2015-07-19T08:31:30","guid":{"rendered":"http:\/\/iuliu.sancraian.ro\/?page_id=272"},"modified":"2018-04-22T18:25:58","modified_gmt":"2018-04-22T18:25:58","slug":"automatizarea-conducerii-actiunilor-militare-in-fortele-navale","status":"publish","type":"page","link":"https:\/\/iuliu.sancraian.ro\/index.php\/automatizarea-conducerii-actiunilor-militare-in-fortele-navale\/","title":{"rendered":"Automatizarea conducerii actiunilor militare in fortele navale"},"content":{"rendered":"<p><strong>Cuprins:<\/strong><br \/>\n<strong>CAP.1 ORGANIZAREA CONDUCERII AC\u0162IUNILOR MILITARE, MODEL\u0102RII \u015eI SIMUL\u0102RII \u00ceN FOR\u0162ELE NAVALE<\/strong><br \/>\n1. Termeni folosi\u0163i \u00een activitatea de informatizare din armat\u0103. Obiectivele stabilite \u00een domeniul informaticii \u015fi automatiz\u0103rii conducerii trupelor. Principii care stau la baza realiz\u0103rii acestor obiective. Automatizarea conducerii activit\u0103\u0163ilor curente la pace \u015fi la r\u0103zboi. Automatizarea conducerii ac\u0163iun-ilor militare \u00een For\u0163ele Navale<br \/>\n2. Acte normative care reglementeaz\u0103 activitatea in domeniul informaticii \u015fi automatiz\u0103rii conducerii trupelor<br \/>\n3. Modelare \u015fi simulare militar\u0103. Defini\u0163ii, clasificare, concepte. Tendin\u0163e de perspectiv\u0103 \u00een modelarea \u015fi simularea \u00een NATO<br \/>\n4. Strategia de dezvoltare a domeniului modelare, simulare \u00een Armata Rom\u00e2niei. Planul director pri-vind modelarea, simularea \u015fi \u00eenv\u0103\u0163area avansat\u0103 distribuit\u0103 \u00een For\u0163ele Navale<br \/>\n<strong>CAP.2 MODELARE SIMULARE<\/strong><br \/>\n5. Simularea c\u0103ut\u0103rii urm\u0103ririi si atacului submarinului cu nava antisubmarin (variantele \u20131993 \u015fi 2005)<br \/>\n6. Simularea evit\u0103rii coliziunii pe mare<br \/>\n7. Simularea manevrei forma\u0163iei navale<br \/>\n8. Simulatorul &#8211; Joc de r\u0103zboi pentru c\u0103utarea, urm\u0103ri-rea \u015fi atacul submarinului cu grupul naval de c\u0103utare atac<br \/>\n9. Utilizarea aplica\u0163iei informatice: Pachet de programe pentru determinarea posibilit\u0103\u0163ilor de folosire \u00een lupt\u0103 ale navelor purt\u0103toare de rachete \u015fi rachetelor de coast\u0103<br \/>\n10. Utilizarea aplica\u0163iiilor informatice:<br \/>\n&#8211; Pachet de programe pentru determinarea posibilit\u0103-\u0163ilor de folosire \u00een lupt\u0103 ale navelor antisubmarin;<br \/>\n&#8211; Determinarea posibilit\u0103\u0163ilor de folosire \u00een lupt\u0103 ale submarinelor;<br \/>\n&#8211; Pachet de programe pentru deteminarea posibilit\u0103-\u0163ilor de folosire \u00een lupt\u0103 ale scafandrilor de lupt\u0103<br \/>\n11. Utilizarea aplica\u0163iei informatice:<br \/>\nPachet de programe pentru determinarea posibilit\u0103-\u0163ilor de folosire \u00een lupt\u0103 ale navelor purt\u0103toare de artilerie<br \/>\n12. Utilizarea aplica\u0163iiilor informatice:<br \/>\n&#8211; Pachet de programe pentru executarea min\u0103rii;<br \/>\n&#8211; Pachet de programe pentru executarea dragajului<br \/>\n<strong>CAP.3 OPTIMIZAREA AC\u0162IUNILOR MILITARE<\/strong><br \/>\n13. Optimizarea activit\u0103\u0163ii \u00een domeniul militar. Tehnici utilizate pentru optimizarea activit\u0103\u0163ilor. Produse, informatice pentru rezolvarea unor probleme speci-fice domeniului militar cu metode ale cercet\u0103rii opera\u0163ionale: QM, WINQSB \u201cAnalize cantitative \u00een management\u201d<br \/>\n14. Utilizarea aplica\u0163iilor informatice QM \u015fi WINQSB pentru rezolvarea unor probleme de optimizare a produc\u0163iei \u015fi stoc\u0103rii:<br \/>\n&#8211; Metoda Monte Carlo pentru determinarea perfor-man\u0163elor unui nou utilaj;<br \/>\n&#8211; Metoda lan\u0163urilor Markov pentru estimarea cererii unui tip de uniform\u0103;<br \/>\n&#8211; Programarea liniar\u0103 pentru determinarea programu-lui de fabrica\u0163ie care permite minimizarea cheltu-ielilor de produc\u0163ie stocare<br \/>\n15. Utilizarea aplica\u0163iilor informatice QM \u015fi WINQSB<br \/>\npentru rezolvarea unor probleme de stocare:<br \/>\n\u2022 modelul ABC;<br \/>\n\u2022 modelul cantit\u0103\u0163ii optime de achizi\u0163ionat;<br \/>\n\u2022 modelul m\u0103rimii economice a lotului<br \/>\n16. Optimizarea planific\u0103rii activit\u0103\u0163ilor folosind produ-sele informatice WINQSB \u015fi QM:<br \/>\n\u2022 Metoda CPM;<br \/>\n\u2022 Metoda PERT;<br \/>\nOptimizarea transportului materialeor de la mai multe surse a mai multe destina\u0163ii<br \/>\n17. Utilizarea aplica\u0163iilor informatice QM \u015fi WINQAB pentru rezolvarea unor probleme de decizie:<br \/>\n\u2022 decizii \u00een condi\u0163ii de risc ;<br \/>\n\u2022 decizii \u00een condi\u0163ii de incertitudine ;<br \/>\n&#8211; utilizarea arborelui de decizie<br \/>\n<strong>CAP 4. UTILITARE PENTRU ACTIVIT\u0102\u0162I DE STAT MAJOR<\/strong><br \/>\n18. Pachet de programe pentru prelucrarea \u015fi transmite-rea situa\u0163iei operativ-tactice pe h\u00e3r\u0163i scanate<br \/>\n19. Utilizarea POWERPOINT<br \/>\n20. Re\u0163eaua INTERNET.Administrare. Motoare de c\u0103utare. Conceptele WWW, E-mail, Bookmark, plug-in, Internet Service Provider. Protocolul HTTP<br \/>\nINTRANET-ul militar<br \/>\n21. Baze de date rela\u0163ionale. Concepte fundamentale<br \/>\nInterogarea bazelor de date cu SQL<br \/>\n22. No\u0163iuni generale pentru lucrul cu programul EXCEL. Configurarea foii de calcul. Formatarea foii de calcul. Utilizarea formulelor de calcul tabelar. Utilizarea func\u0163iilor<br \/>\n23. Func\u0163ii pe baze de date Utilizarea foilor de calcul multiple Centralizarea listelor multiple.<br \/>\n24. Sortarea. Filtrarea. Rapoarte PivotTable<br \/>\n25. Subtotal. Audit. Gruparea \u015fi schi\u0163area foilor de calcul<br \/>\n<strong>Bibliografie<\/strong><\/p>\n<p><a href=\"https:\/iuliu.sancraian.ro\/index.php\/carti\/\">Intoarcere la pagina Carti.<\/a><\/p>\n","protected":false},"excerpt":{"rendered":"<p>Cuprins: CAP.1 ORGANIZAREA CONDUCERII AC\u0162IUNILOR MILITARE, MODEL\u0102RII \u015eI SIMUL\u0102RII \u00ceN FOR\u0162ELE NAVALE 1. Termeni folosi\u0163i \u00een activitatea de informatizare din armat\u0103. Obiectivele stabilite \u00een domeniul informaticii \u015fi automatiz\u0103rii conducerii trupelor. Principii care stau la baza realiz\u0103rii acestor obiective. Automatizarea conducerii &hellip; <a href=\"https:\/\/iuliu.sancraian.ro\/index.php\/automatizarea-conducerii-actiunilor-militare-in-fortele-navale\/\">Continue reading <span class=\"meta-nav\">&rarr;<\/span><\/a><\/p>\n","protected":false},"author":1,"featured_media":0,"parent":0,"menu_order":0,"comment_status":"closed","ping_status":"closed","template":"","meta":{"footnotes":""},"class_list":["post-272","page","type-page","status-publish","hentry"],"_links":{"self":[{"href":"https:\/\/iuliu.sancraian.ro\/index.php\/wp-json\/wp\/v2\/pages\/272","targetHints":{"allow":["GET"]}}],"collection":[{"href":"https:\/\/iuliu.sancraian.ro\/index.php\/wp-json\/wp\/v2\/pages"}],"about":[{"href":"https:\/\/iuliu.sancraian.ro\/index.php\/wp-json\/wp\/v2\/types\/page"}],"author":[{"embeddable":true,"href":"https:\/\/iuliu.sancraian.ro\/index.php\/wp-json\/wp\/v2\/users\/1"}],"replies":[{"embeddable":true,"href":"https:\/\/iuliu.sancraian.ro\/index.php\/wp-json\/wp\/v2\/comments?post=272"}],"version-history":[{"count":5,"href":"https:\/\/iuliu.sancraian.ro\/index.php\/wp-json\/wp\/v2\/pages\/272\/revisions"}],"predecessor-version":[{"id":356,"href":"https:\/\/iuliu.sancraian.ro\/index.php\/wp-json\/wp\/v2\/pages\/272\/revisions\/356"}],"wp:attachment":[{"href":"https:\/\/iuliu.sancraian.ro\/index.php\/wp-json\/wp\/v2\/media?parent=272"}],"curies":[{"name":"wp","href":"https:\/\/api.w.org\/{rel}","templated":true}]}}